{"id":13,"date":"2019-07-20T15:07:34","date_gmt":"2019-07-20T15:07:34","guid":{"rendered":"https:\/\/milchmann-basel.com\/?page_id=13"},"modified":"2025-02-16T15:39:59","modified_gmt":"2025-02-16T15:39:59","slug":"ein-startseiten-abschnitt","status":"publish","type":"page","link":"https:\/\/milchmann-basel.com\/index.php\/ueber-uns\/ein-startseiten-abschnitt\/","title":{"rendered":"Der Milchmaa"},"content":{"rendered":"<p><a href=\"http:\/\/milchmann-basel.com\"><img loading=\"lazy\" decoding=\"async\" class=\"alignright wp-image-231 \" title=\"Milchmaa\" src=\"https:\/\/milchmann-basel.com\/wp-content\/uploads\/2020\/07\/Milch2-300x201.jpg\" alt=\"\" width=\"241\" height=\"161\" srcset=\"https:\/\/milchmann-basel.com\/wp-content\/uploads\/2020\/07\/Milch2-300x201.jpg 300w, https:\/\/milchmann-basel.com\/wp-content\/uploads\/2020\/07\/Milch2-768x515.jpg 768w, https:\/\/milchmann-basel.com\/wp-content\/uploads\/2020\/07\/Milch2.jpg 800w\" sizes=\"auto, (max-width: 241px) 100vw, 241px\" \/><\/a><strong>Dr Milchmaa \u2013 Tradition und Nachhaltigkeit<\/strong><\/p>\n<p data-sourcepos=\"3:1-3:239\">Der Milchmann ist eine alte Schweizer Tradition, die auch in Basel wieder auflebt. Ich als &#171;Ihre Milchmaa&#187; m\u00f6chte mit meinen Produkten aus nachhaltiger biologischer Produktion einen Beitrag zu einer gesunden Ern\u00e4hrung leisten.<\/p>\n<p data-sourcepos=\"3:1-3:239\"><span style=\"font-weight: 400;\"><img loading=\"lazy\" decoding=\"async\" class=\"wp-image-270 alignleft\" src=\"https:\/\/milchmann-basel.com\/wp-content\/uploads\/2021\/05\/MilchmannBasel-1-300x182.jpg\" alt=\"\" width=\"267\" height=\"162\" srcset=\"https:\/\/milchmann-basel.com\/wp-content\/uploads\/2021\/05\/MilchmannBasel-1-300x182.jpg 300w, https:\/\/milchmann-basel.com\/wp-content\/uploads\/2021\/05\/MilchmannBasel-1.jpg 711w\" sizes=\"auto, (max-width: 267px) 100vw, 267px\" \/><\/span><\/p>\n<p data-sourcepos=\"5:1-5:21\"><strong>Regionale Frische<\/strong><\/p>\n<p data-sourcepos=\"7:1-7:310\">In meinem Sortiment finden Sie nat\u00fcrlich in erster Linie Milchprodukte und Eier, aber auch saisonale Produkte wie Honig oder Buttermost. Alle Produkte stammen aus der Region und werden nach biologischen Richtlinien hergestellt. So k\u00f6nnen Sie sicher sein, dass Sie hochwertige und frische Lebensmittel erhalten.<\/p>\n<p data-sourcepos=\"7:1-7:310\"><img loading=\"lazy\" decoding=\"async\" class=\"wp-image-306  alignright\" src=\"https:\/\/milchmann-basel.com\/wp-content\/uploads\/2023\/04\/milchmann_alt-300x300.jpeg\" alt=\"Milchmaa\" width=\"292\" height=\"292\" srcset=\"https:\/\/milchmann-basel.com\/wp-content\/uploads\/2023\/04\/milchmann_alt-300x300.jpeg 300w, https:\/\/milchmann-basel.com\/wp-content\/uploads\/2023\/04\/milchmann_alt-150x150.jpeg 150w, https:\/\/milchmann-basel.com\/wp-content\/uploads\/2023\/04\/milchmann_alt-768x768.jpeg 768w, https:\/\/milchmann-basel.com\/wp-content\/uploads\/2023\/04\/milchmann_alt-100x100.jpeg 100w, https:\/\/milchmann-basel.com\/wp-content\/uploads\/2023\/04\/milchmann_alt.jpeg 960w\" sizes=\"auto, (max-width: 292px) 100vw, 292px\" \/><\/p>\n<p data-sourcepos=\"9:1-9:23\"><strong>Einfache Bestellung<\/strong><\/p>\n<p data-sourcepos=\"11:1-11:446\">Um bei mir zu bestellen, erhalten Sie von mir ein Milchbiechli. In diesem Biechli k\u00f6nnen Sie jeweils auf einem Blatt das gew\u00fcnschte Datum angeben und dann in aller Ruhe ausw\u00e4hlen, was Sie bei mir <span class=\"citation-0 citation-end-0\">bestellen m\u00f6chten. Geben Sie jeweils in den entsprechenden Rubriken an, wie viel Sie von einem bestimmten Produkt bestellen wollen. Legen Sie dann am Abend vor meinem Liefertag oder am fr\u00fchen Morgen das Milchbiechli in Ihr Milchk\u00e4schtli.<\/span><\/p>\n<p data-sourcepos=\"13:1-13:29\"><strong>Lieferung in Ihrem Gebiet<img loading=\"lazy\" decoding=\"async\" class=\" wp-image-372 alignright\" src=\"https:\/\/milchmann-basel.com\/wp-content\/uploads\/2024\/04\/Milch.jpeg\" alt=\"\" width=\"175\" height=\"235\" \/><\/strong><\/p>\n<p data-sourcepos=\"15:1-15:346\">Ich bediene jeweils zwei Mal in der Woche ein bestimmtes Gebiet in Basel. Am Liefertag hole ich Ihr Milchbiechli ab und lege die gew\u00fcnschten Produkte in Ihr Milchk\u00e4schtli. Wenn ich ausnahmsweise nicht alles vorr\u00e4tig habe, werde ich Sie dar\u00fcber informieren. Am Ende des Monats werde ich Ihre Rechnung und einen Einzahlungsschein bei Ihnen abgeben.<\/p>\n<p data-sourcepos=\"15:1-15:346\"><img loading=\"lazy\" decoding=\"async\" class=\"wp-image-228 size-medium alignleft\" src=\"https:\/\/milchmann-basel.com\/wp-content\/uploads\/2020\/07\/MilchmannBasel-e1594150034370-271x300.jpg\" alt=\"\" width=\"271\" height=\"300\" srcset=\"https:\/\/milchmann-basel.com\/wp-content\/uploads\/2020\/07\/MilchmannBasel-e1594150034370-271x300.jpg 271w, https:\/\/milchmann-basel.com\/wp-content\/uploads\/2020\/07\/MilchmannBasel-e1594150034370-925x1024.jpg 925w, https:\/\/milchmann-basel.com\/wp-content\/uploads\/2020\/07\/MilchmannBasel-e1594150034370-768x850.jpg 768w, https:\/\/milchmann-basel.com\/wp-content\/uploads\/2020\/07\/MilchmannBasel-e1594150034370.jpg 1205w\" sizes=\"auto, (max-width: 271px) 100vw, 271px\" \/><\/p>\n<p data-sourcepos=\"17:1-17:53\"><strong>Eine gute Wahl f\u00fcr Ihre Gesundheit und die Umwelt<\/strong><\/p>\n<p data-sourcepos=\"19:1-19:214\">Mit meiner Milchlieferung erhalten Sie nicht nur frische und leckere Produkte, sondern auch einen Beitrag zu einer nachhaltigen Landwirtschaft. Ich freue mich, Sie als Kundin oder Kunden bei mir begr\u00fc\u00dfen zu d\u00fcrfen.<\/p>\n<p data-sourcepos=\"23:1-23:41\"><strong>Die Tradition des <br \/>Milchmanns <\/strong><strong>in Basel <img loading=\"lazy\" decoding=\"async\" class=\" wp-image-416 alignright\" src=\"https:\/\/milchmann-basel.com\/wp-content\/uploads\/2024\/06\/MilkmanBasel_bw-300x207.jpeg\" alt=\"\" width=\"343\" height=\"237\" srcset=\"https:\/\/milchmann-basel.com\/wp-content\/uploads\/2024\/06\/MilkmanBasel_bw-300x207.jpeg 300w, https:\/\/milchmann-basel.com\/wp-content\/uploads\/2024\/06\/MilkmanBasel_bw-1024x705.jpeg 1024w, https:\/\/milchmann-basel.com\/wp-content\/uploads\/2024\/06\/MilkmanBasel_bw-768x529.jpeg 768w, https:\/\/milchmann-basel.com\/wp-content\/uploads\/2024\/06\/MilkmanBasel_bw.jpeg 1490w\" sizes=\"auto, (max-width: 343px) 100vw, 343px\" \/><\/strong><\/p>\n<p>Als \u00abIhre Milchmaa\u00bb pflege ich bewusst die <a href=\"https:\/\/youtu.be\/z1baHLB9Rsg?si=JOb-7nlKoL8kkRQY\">Tradition des Milchmanns<\/a> in Basel. Diese Tradition steht f\u00fcr pers\u00f6nliche Beziehungen, Vertrauen und regionale Verbundenheit. Indem ich mit meinem K\u00fchlfahrzeug unterwegs bin und Ihre Bestellung direkt in Ihr Milchl\u00e4stli liefere, verbinde ich moderne Liefermethoden mit der pers\u00f6nlichen Note vergangener Zeiten.<\/p>\n\n\n<figure class=\"wp-block-gallery alignright has-nested-images columns-default is-cropped wp-block-gallery-1 is-layout-flex wp-block-gallery-is-layout-flex\"><\/figure>\n","protected":false},"excerpt":{"rendered":"<p>Dr Milchmaa \u2013 Tradition und Nachhaltigkeit Der Milchmann ist eine alte Schweizer Tradition, die auch in Basel wieder auflebt. Ich als &#171;Ihre Milchmaa&#187; m\u00f6chte mit meinen Produkten aus nachhaltiger biologischer Produktion einen Beitrag zu einer gesunden Ern\u00e4hrung leisten. Regionale Frische In meinem Sortiment finden Sie nat\u00fcrlich in erster Linie Milchprodukte und Eier, aber auch saisonale &hellip; <\/p>\n<p class=\"link-more\"><a href=\"https:\/\/milchmann-basel.com\/index.php\/ueber-uns\/ein-startseiten-abschnitt\/\" class=\"more-link\"><span class=\"screen-reader-text\">&#171;Der Milchmaa&#187;<\/span> weiterlesen<\/a><\/p>\n","protected":false},"author":1,"featured_media":0,"parent":10,"menu_order":0,"comment_status":"closed","ping_status":"closed","template":"","meta":{"footnotes":""},"class_list":["post-13","page","type-page","status-publish","hentry"],"aioseo_notices":[],"_links":{"self":[{"href":"https:\/\/milchmann-basel.com\/index.php\/wp-json\/wp\/v2\/pages\/13","targetHints":{"allow":["GET"]}}],"collection":[{"href":"https:\/\/milchmann-basel.com\/index.php\/wp-json\/wp\/v2\/pages"}],"about":[{"href":"https:\/\/milchmann-basel.com\/index.php\/wp-json\/wp\/v2\/types\/page"}],"author":[{"embeddable":true,"href":"https:\/\/milchmann-basel.com\/index.php\/wp-json\/wp\/v2\/users\/1"}],"replies":[{"embeddable":true,"href":"https:\/\/milchmann-basel.com\/index.php\/wp-json\/wp\/v2\/comments?post=13"}],"version-history":[{"count":69,"href":"https:\/\/milchmann-basel.com\/index.php\/wp-json\/wp\/v2\/pages\/13\/revisions"}],"predecessor-version":[{"id":435,"href":"https:\/\/milchmann-basel.com\/index.php\/wp-json\/wp\/v2\/pages\/13\/revisions\/435"}],"up":[{"embeddable":true,"href":"https:\/\/milchmann-basel.com\/index.php\/wp-json\/wp\/v2\/pages\/10"}],"wp:attachment":[{"href":"https:\/\/milchmann-basel.com\/index.php\/wp-json\/wp\/v2\/media?parent=13"}],"curies":[{"name":"wp","href":"https:\/\/api.w.org\/{rel}","templated":true}]}}